{"id":1969,"date":"2025-07-29T09:27:58","date_gmt":"2025-07-29T07:27:58","guid":{"rendered":"https:\/\/fmcproduction.com\/?page_id=1969"},"modified":"2025-07-30T09:26:15","modified_gmt":"2025-07-30T07:26:15","slug":"mentions-legales","status":"publish","type":"page","link":"https:\/\/fmcproduction.com\/en\/mentions-legales\/","title":{"rendered":"Legal notices"},"content":{"rendered":"<div data-elementor-type=\"wp-page\" data-elementor-id=\"1969\" class=\"elementor elementor-1969\" data-elementor-post-type=\"page\">\n\t\t\t\t<div class=\"elementor-element elementor-element-76cebd55 e-flex e-con-boxed e-con e-parent\" data-id=\"76cebd55\" data-element_type=\"container\" data-e-type=\"container\">\n\t\t\t\t\t<div class=\"e-con-inner\">\n\t\t\t\t<div class=\"elementor-element elementor-element-4581a3b elementor-widget elementor-widget-template\" data-id=\"4581a3b\" data-element_type=\"widget\" data-e-type=\"widget\" data-widget_type=\"template.default\">\n\t\t\t\t<div class=\"elementor-widget-container\">\n\t\t\t\t\t\t\t<div class=\"elementor-template\">\n\t\t\t\t\t<div data-elementor-type=\"container\" data-elementor-id=\"2395\" class=\"elementor elementor-2395\" data-elementor-post-type=\"elementor_library\">\n\t\t\t\t<div class=\"elementor-element elementor-element-224cd873 e-flex e-con-boxed e-con e-parent\" data-id=\"224cd873\" data-element_type=\"container\" data-e-type=\"container\">\n\t\t\t\t\t<div class=\"e-con-inner\">\n\t\t\t\t<div class=\"elementor-element elementor-element-87f06ca elementor-widget elementor-widget-breadcrumbs\" data-id=\"87f06ca\" data-element_type=\"widget\" data-e-type=\"widget\" data-widget_type=\"breadcrumbs.default\">\n\t\t\t\t<div class=\"elementor-widget-container\">\n\t\t\t\t\t<p id=\"breadcrumbs\"><span><span><a href=\"https:\/\/fmcproduction.com\/en\/\">Home<\/a><\/span><\/span><\/p>\t\t\t\t<\/div>\n\t\t\t\t<\/div>\n\t\t\t\t\t<\/div>\n\t\t\t\t<\/div>\n\t\t\t\t<\/div>\n\t\t\t\t<\/div>\n\t\t\t\t\t\t<\/div>\n\t\t\t\t<\/div>\n\t\t\t\t<div class=\"elementor-element elementor-element-bf2cd07 elementor-widget elementor-widget-heading\" data-id=\"bf2cd07\" data-element_type=\"widget\" data-e-type=\"widget\" data-widget_type=\"heading.default\">\n\t\t\t\t<div class=\"elementor-widget-container\">\n\t\t\t\t\t<h1 class=\"elementor-heading-title elementor-size-default\">Mentions<br \/><span>L\u00e9gales<\/span><\/h1>\t\t\t\t<\/div>\n\t\t\t\t<\/div>\n\t\t\t\t<div class=\"elementor-element elementor-element-73cd8ba elementor-widget elementor-widget-spacer\" data-id=\"73cd8ba\" data-element_type=\"widget\" data-e-type=\"widget\" data-widget_type=\"spacer.default\">\n\t\t\t\t<div class=\"elementor-widget-container\">\n\t\t\t\t\t\t\t<div class=\"elementor-spacer\">\n\t\t\t<div class=\"elementor-spacer-inner\"><\/div>\n\t\t<\/div>\n\t\t\t\t\t\t<\/div>\n\t\t\t\t<\/div>\n\t\t\t\t<div class=\"elementor-element elementor-element-a00b5cb elementor-widget__width-initial elementor-widget elementor-widget-text-editor\" data-id=\"a00b5cb\" data-element_type=\"widget\" data-e-type=\"widget\" data-widget_type=\"text-editor.default\">\n\t\t\t\t<div class=\"elementor-widget-container\">\n\t\t\t\t\t\t\t\t\t<p>Cette page d\u00e9crit les conditions d\u2019utilisation r\u00e9gissant l\u2019utilisation de ce site (ci-apr\u00e8s le \u00ab Site \u00bb). En consultant le Site, vous vous engagez sans r\u00e9serve \u00e0 respecter les pr\u00e9sentes conditions d\u2019utilisation. Les conditions d\u2019utilisation pouvant \u00eatre modifi\u00e9es \u00e0 tout moment, sans pr\u00e9avis, nous vous conseillons de les consulter r\u00e9guli\u00e8rement.<\/p><h2>Propri\u00e9t\u00e9 intellectuelle<\/h2><p>Ce Site appartient \u00e0 et est exploit\u00e9 par FMC Production, (ci-apr\u00e8s d\u00e9sign\u00e9e la \u00ab Soci\u00e9t\u00e9 \u00bb). La mise en page et chacun de ses \u00e9l\u00e9ments, marques, logos et noms de domaines compris, s\u2019affichant sur le Site <a href=\"https:\/\/fmcproduction.com\/en\/\">https:\/\/fmcproduction.com\/<\/a> (ci-apr\u00e8s d\u00e9sign\u00e9 le \u00ab Site \u00bb) sont prot\u00e9g\u00e9s par la l\u00e9gislation actuelle sur la propri\u00e9t\u00e9 intellectuelle et appartiennent \u00e0 FMC Production ou leur utilisation est soumise \u00e0 autorisation.<\/p><p>Aucun \u00e9l\u00e9ment du Site ne peut \u00eatre copi\u00e9, reproduit, alt\u00e9r\u00e9, modifi\u00e9, t\u00e9l\u00e9charg\u00e9, d\u00e9natur\u00e9, transmis ou diffus\u00e9 de quelque mani\u00e8re que ce soit, sur quelque support que ce soit, en tout ou partie, sans l\u2019accord \u00e9crit pr\u00e9alable de la Soci\u00e9t\u00e9, sauf uniquement pour \u00eatre utilis\u00e9s par la presse sous r\u00e9serve du respect des droits de propri\u00e9t\u00e9 intellectuelle et tous les autres droits de propri\u00e9t\u00e9 qui sont mentionn\u00e9s. Seule la copie pour utilisation priv\u00e9e est autoris\u00e9e pour votre usage personnel, priv\u00e9, non commercial, sur votre ordinateur personnel. La d\u00e9claration suivante doit s\u2019afficher sur toute copie autoris\u00e9e de tout ou partie du contenu du Site : \u00ab \u00a9 FMC Production \u2013 Tous droits r\u00e9serv\u00e9s. \u00bb<\/p><p>Tout usage non autoris\u00e9 d\u2019\u00e9l\u00e9ments composants ou affich\u00e9s sur le Site ne doit pas \u00eatre d\u00e9natur\u00e9, modifi\u00e9 ou alt\u00e9r\u00e9 de quelque fa\u00e7on que ce soit. FMC Production se r\u00e9serve le droit d\u2019intenter des poursuites contre toute violation de ses droits de propri\u00e9t\u00e9 intellectuelle.<\/p><h2>Nature des informations<\/h2><p>Le Site <a href=\"https:\/\/fmcproduction.com\/en\/\">https:\/\/fmcproduction.com\/<\/a> peut pr\u00e9senter des opinions d\u2019experts consult\u00e9s dans un domaine particulier.<\/p><p>Toutes informations diffus\u00e9es repr\u00e9sentent uniquement l\u2019opinion des experts consult\u00e9s et n\u2019engagent en rien la responsabilit\u00e9 de FMC Production. Tout expert de ce type n\u2019est pas un collaborateur de FMC Production et ne re\u00e7oit pas d\u2019\u00e9moluments en \u00e9change de l\u2019usage de son opinion par FMC Production. La Soci\u00e9t\u00e9 n\u2019est pas responsable de l\u2019exactitude ou de l\u2019exhaustivit\u00e9 de toute information et opinion de cette nature. Les opinions des experts refl\u00e8tent leurs propres points de vue personnels et ne doivent jamais \u00eatre interpr\u00e9t\u00e9es comme \u00e9tant l\u2019opinion ou la responsabilit\u00e9 de FMC Production.<br \/>Le Site comprend des vid\u00e9os de pr\u00e9sentation de l\u2019activit\u00e9 FMC Production et ces vid\u00e9os peuvent contenir des bribes d\u2019information sur la sant\u00e9, l\u2019\u00e9tat physique, le domaine m\u00e9dical et les traitements chirurgicaux et m\u00e9dicaux \u00e0 usage humain uniquement qui ne doivent en aucun cas \u00eatre utilis\u00e9s pour effectuer un diagnostic m\u00e9dical de toute maladie ou probl\u00e8me physique.<\/p><h2>Liens vers d\u2019autres sites<\/h2><p>Les liens peuvent parfois \u00eatre accessibles, en outre, c\u2019est \u00e0 vous qu\u2019il incombe de prendre les pr\u00e9cautions n\u00e9cessaires pour pr\u00e9venir toute infection \u00e0 partir des Sites, en particulier par un ou plusieurs virus informatiques, chevaux de Troie ou tout autre \u00ab parasite \u00bb.<br \/>Des sites externes peuvent comporter des liens hypertexte vers le Site. Tout lien de cette nature ne doit pas \u00eatre cr\u00e9\u00e9 sans l\u2019accord pr\u00e9alable expr\u00e8s de la Soci\u00e9t\u00e9. Dans tous les cas, la Soci\u00e9t\u00e9 n\u2019est en aucune fa\u00e7on responsable de l\u2019indisponibilit\u00e9 de tels sites et la Soci\u00e9t\u00e9 ne m\u00e8ne \u00e0 leur \u00e9gard aucun examen minutieux ou v\u00e9rification et ne leur accorde d\u2019autorisation. La Soci\u00e9t\u00e9 n\u2019est pas responsable du contenu, de la publicit\u00e9, des produits ou autres \u00e9l\u00e9ments disponibles sur ou par le biais de ces sites.<\/p><h2>Cookies<\/h2><p>Un cookie peut s\u2019installer automatiquement sur le logiciel de navigation de l\u2019utilisateur, lors de ses visites. Le cookie est un bloc de donn\u00e9es qui ne permet pas d\u2019identifier les utilisateurs mais sert \u00e0 enregistrer des informations relatives \u00e0 la navigation de ceux-ci sur le site (pages consult\u00e9es, date et heure de la consultation, informations fournies, etc.). Les cookies peuvent \u00eatre utilis\u00e9s \u00e0 des fins de ciblage publicitaire. Le param\u00e9trage du logiciel de navigation permet d\u2019informer de la pr\u00e9sence de cookie(s) et \u00e9ventuellement de la refuser de la mani\u00e8re d\u00e9crite \u00e0 l\u2019adresse suivante : <a href=\"http:\/\/www.cnil.fr\/\">https:\/\/www.cnil.fr\/<\/a>. L\u2019utilisateur peut s\u2019opposer \u00e0 l\u2019enregistrement de cookies en configurant son navigateur (dans le menu \u00ab outil options \u00bb de Mozilla Firefox ou de Microsoft Explorer). L\u2019utilisateur dispose d\u2019un droit d\u2019acc\u00e8s, de retrait et de modification des donn\u00e9es personnelles communiqu\u00e9es par le biais des cookies. Sinon, vous pouvez en faire la demande comme suit :<br \/>Par courriel : contact@fmcproduction.com<br \/>Par courrier : FMC Production, 9 bis Bd Emile Romanet, 44100 NANTES France<\/p><h2>Informations personnelles et autres<\/h2><p>La Soci\u00e9t\u00e9 se r\u00e9serve le droit d\u2019envoyer des \u00ab Newsletters \u00bb aux utilisateurs qui en ont fait la demande et uniquement dans ce cadre. Elle s\u2019engage \u00e0 supprimer vos coordonn\u00e9es sur les bases de donn\u00e9es de la Soci\u00e9t\u00e9 \u00e0 votre demande en cliquant sur la mention \u00ab Pour vous d\u00e9sinscrire des bases de donn\u00e9es de FMC Production, cliquez ici \u00bb pr\u00e9sente ladite \u00ab Newsletter \u00bb. Par ailleurs, la Soci\u00e9t\u00e9 s\u2019engage \u00e0 ne pas r\u00e9v\u00e9ler \u00e0 des tiers les informations personnelles que vous pourrez lui communiquer (adresses mail et autres informations).<\/p><p>En vertu de la l\u00e9gislation locale \u00ab loi informatique et libert\u00e9 du 6 janvier 1978 \u00bb, vous disposez d\u2019un droit d\u2019acc\u00e8s, de modification, de rectification et de suppression des donn\u00e9es qui vous concernent. Sinon, vous pouvez en faire la demande comme suit :<br \/>Par courriel : contact@fmcproduction.com<br \/>Par courrier : FMC Production, 9 bis Bd Emile Romanet, 44100 NANTES France<\/p><p>Le Site n\u2019a pas pour but de recevoir des informations confidentielles de votre part.<\/p><p>Le Site a fait l\u2019objet d\u2019une d\u00e9claration \u00e0 la CNIL. Pour toutes informations, merci d\u2019en faire la demande par courriel \u00e0 : contact@fmcproduction.com<br \/>ou par courrier \u00e0 : FMC Production, 9 bis Bd Emile Romanet, 44100 NANTES France<br \/>Le n\u00b0 de ladite d\u00e9claration vous sera alors communiqu\u00e9e.<\/p><h2>Limites de responsabilit\u00e9<\/h2><p>FMC Production s\u2019efforce d\u2019assurer au mieux de ses possibilit\u00e9s, l\u2019exactitude et la mise \u00e0 jour des informations diffus\u00e9es sur ce site, dont elle se r\u00e9serve le droit de corriger, \u00e0 tout moment et sans pr\u00e9avis, le contenu. Toutefois, nous ne pouvons garantir :<br \/>l\u2019exactitude, la pr\u00e9cision ou l\u2019exhaustivit\u00e9 des informations mises \u00e0 la disposition sur ce site,<br \/>tout dommage r\u00e9sultant d\u2019une intrusion frauduleuse par une tierce partie aboutissant \u00e0 une modification des informations ou des \u00e9l\u00e9ments mis \u00e0 disposition sur le Site,<br \/>tout dommage aux biens ou dommage indirect, pour toute raison, de toute origine, nature ou ayant toute cons\u00e9quence quelconque, m\u00eame si la Soci\u00e9t\u00e9 avait \u00e9t\u00e9 averti de la possibilit\u00e9 d\u2019un tel dommage ou perte, caus\u00e9 en raison de tout acc\u00e8s au Site ou de l\u2019impossibilit\u00e9 d\u2019y acc\u00e9der, en raison de l\u2019utilisation des Sites, y compris tout dommage ou virus qui peut infecter votre ordinateur ou tout autre bien, et\/ou en raison de la foi ajout\u00e9e \u00e0 toute information provenant directement ou indirectement du Site.<\/p><h2>Dispositions l\u00e9gales<\/h2><p>Le Site et son contenu sont r\u00e9gis par la l\u00e9gislation de France, et tout litige y aff\u00e9rant est soumis \u00e0 la comp\u00e9tence des tribunaux de France.<\/p><h2>Auteur et \u00e9diteur du Site<\/h2><p>FMC Production<br \/>Si\u00e8ge social : FMC Production, 9 bis Bd Emile Romanet, 44100 NANTES France<br \/>T\u00e9l : 02 40 46 96 67<br \/>FMC Production, SARL au capital de 8 000 euros.<br \/>Immatricul\u00e9e au RCS de Nantes sous le n\u00b0 443 289 350.<\/p><h2>\u00c9diteur en chef<\/h2><p>Le directeur de la publication est Monsieur Damien Gu\u00e9rin,<br \/>G\u00e9rant de FMC Production.<\/p><h2>H\u00e9bergement du Site<\/h2><p>o2switch<b><br \/><\/b>Chemin des Pardiaux<br \/>63000 Clermont-Ferrand<\/p><h2>Cr\u00e9dits photos \/ vid\u00e9os<\/h2><p><a href=\"https:\/\/stock.adobe.com\/\" target=\"_blank\" rel=\"noopener\">https:\/\/stock.adobe.com\/<\/a><\/p>\t\t\t\t\t\t\t\t<\/div>\n\t\t\t\t<\/div>\n\t\t\t\t<div class=\"elementor-element elementor-element-d774153 elementor-widget elementor-widget-spacer\" data-id=\"d774153\" data-element_type=\"widget\" data-e-type=\"widget\" data-widget_type=\"spacer.default\">\n\t\t\t\t<div class=\"elementor-widget-container\">\n\t\t\t\t\t\t\t<div class=\"elementor-spacer\">\n\t\t\t<div class=\"elementor-spacer-inner\"><\/div>\n\t\t<\/div>\n\t\t\t\t\t\t<\/div>\n\t\t\t\t<\/div>\n\t\t\t\t<div class=\"elementor-element elementor-element-2981bdb elementor-widget elementor-widget-heading\" data-id=\"2981bdb\" data-element_type=\"widget\" data-e-type=\"widget\" data-widget_type=\"heading.default\">\n\t\t\t\t<div class=\"elementor-widget-container\">\n\t\t\t\t\t<h1 class=\"elementor-heading-title elementor-size-default\"><span>Confidentialit\u00e9<\/span><\/h1>\t\t\t\t<\/div>\n\t\t\t\t<\/div>\n\t\t\t\t<div class=\"elementor-element elementor-element-f8d7708 elementor-widget elementor-widget-spacer\" data-id=\"f8d7708\" data-element_type=\"widget\" data-e-type=\"widget\" data-widget_type=\"spacer.default\">\n\t\t\t\t<div class=\"elementor-widget-container\">\n\t\t\t\t\t\t\t<div class=\"elementor-spacer\">\n\t\t\t<div class=\"elementor-spacer-inner\"><\/div>\n\t\t<\/div>\n\t\t\t\t\t\t<\/div>\n\t\t\t\t<\/div>\n\t\t\t\t<div class=\"elementor-element elementor-element-60f0b95 elementor-widget__width-initial elementor-widget elementor-widget-text-editor\" data-id=\"60f0b95\" data-element_type=\"widget\" data-e-type=\"widget\" data-widget_type=\"text-editor.default\">\n\t\t\t\t<div class=\"elementor-widget-container\">\n\t\t\t\t\t\t\t\t\t<p>Nous utilisons des cookies \u00e0 des fins d&rsquo;analyse de la navigation et de la fr\u00e9quentation du site via le service Matomo (<a href=\"https:\/\/fr.matomo.org\/\" target=\"_blank\" rel=\"noopener\">https:\/\/fr.matomo.org\/<\/a>). Ces cookies contiennent des donn\u00e9es anonymes (pages consult\u00e9es, temps de visite sur les pages&#8230;) et ne sont transmises \u00e0 aucun tiers. Vous pouvez choisir de ne pas accepter ces cookies en d\u00e9cochant la case si dessous :<\/p>\t\t\t\t\t\t\t\t<\/div>\n\t\t\t\t<\/div>\n\t\t\t\t<div class=\"elementor-element elementor-element-6b065f2 elementor-widget__width-initial elementor-widget elementor-widget-shortcode\" data-id=\"6b065f2\" data-element_type=\"widget\" data-e-type=\"widget\" data-widget_type=\"shortcode.default\">\n\t\t\t\t<div class=\"elementor-widget-container\">\n\t\t\t\t\t\t\t<div class=\"elementor-shortcode\"><div id=\"matomo-opt-out-form-embed\"><\/div><\/div>\n\t\t\t\t\t\t<\/div>\n\t\t\t\t<\/div>\n\t\t\t\t<div class=\"elementor-element elementor-element-046ff86 elementor-widget__width-initial elementor-widget elementor-widget-text-editor\" data-id=\"046ff86\" data-element_type=\"widget\" data-e-type=\"widget\" data-widget_type=\"text-editor.default\">\n\t\t\t\t<div class=\"elementor-widget-container\">\n\t\t\t\t\t\t\t\t\t<p>Si vous ne voyez aucune case \u00e0 d\u00e9cocher mais que vous utilisez un bloqueur de publicit\u00e9, cela veut dire que nous ne recevons aucune de vos donn\u00e9es de navigation.<\/p>\t\t\t\t\t\t\t\t<\/div>\n\t\t\t\t<\/div>\n\t\t\t\t\t<\/div>\n\t\t\t\t<\/div>\n\t\t\t\t<\/div>","protected":false},"excerpt":{"rendered":"<p>MentionsL\u00e9gales Cette page d\u00e9crit les conditions d\u2019utilisation r\u00e9gissant l\u2019utilisation de ce site (ci-apr\u00e8s le \u00ab Site \u00bb). En consultant le Site, vous vous engagez sans r\u00e9serve \u00e0 respecter les pr\u00e9sentes conditions d\u2019utilisation. Les conditions d\u2019utilisation pouvant \u00eatre modifi\u00e9es \u00e0 tout moment, sans pr\u00e9avis, nous vous conseillons de les consulter r\u00e9guli\u00e8rement. Propri\u00e9t\u00e9 intellectuelle Ce Site appartient [&hellip;]<\/p>\n","protected":false},"author":1,"featured_media":0,"parent":0,"menu_order":0,"comment_status":"closed","ping_status":"closed","template":"","meta":{"footnotes":""},"class_list":["post-1969","page","type-page","status-publish","hentry"],"yoast_head":"<!-- This site is optimized with the Yoast SEO plugin v27.5 - https:\/\/yoast.com\/product\/yoast-seo-wordpress\/ -->\n<title>FMC Production<\/title>\n<meta name=\"robots\" content=\"index, follow, max-snippet:-1, max-image-preview:large, max-video-preview:-1\" \/>\n<link rel=\"canonical\" href=\"https:\/\/fmcproduction.com\/en\/wp-json\/wp\/v2\/pages\/1969\" \/>\n<meta property=\"og:locale\" content=\"en_US\" \/>\n<meta property=\"og:type\" content=\"website\" \/>\n<meta property=\"og:url\" content=\"https:\/\/fmcproduction.com\/en\/wp-json\/wp\/v2\/pages\/1969\" \/>\n<meta property=\"og:site_name\" content=\"FMC Production\" \/>\n<meta name=\"twitter:card\" content=\"summary_large_image\" \/>\n<script type=\"application\/ld+json\" class=\"yoast-schema-graph\">{\"@context\":\"https:\\\/\\\/schema.org\",\"@graph\":[{\"@type\":\"WebSite\",\"@id\":\"https:\\\/\\\/fmcproduction.com\\\/en\\\/#website\",\"url\":\"https:\\\/\\\/fmcproduction.com\\\/en\\\/\",\"name\":\"FMC Production\",\"description\":\"Experts de la production audiovisuelle et digitale sp\u00e9cifique au secteur m\u00e9dical et chirurgical.\",\"publisher\":{\"@id\":\"https:\\\/\\\/fmcproduction.com\\\/en\\\/#organization\"},\"potentialAction\":[{\"@type\":\"SearchAction\",\"target\":{\"@type\":\"EntryPoint\",\"urlTemplate\":\"https:\\\/\\\/fmcproduction.com\\\/en\\\/?s={search_term_string}\"},\"query-input\":{\"@type\":\"PropertyValueSpecification\",\"valueRequired\":true,\"valueName\":\"search_term_string\"}}],\"inLanguage\":\"en-US\"},{\"@type\":\"Organization\",\"@id\":\"https:\\\/\\\/fmcproduction.com\\\/en\\\/#organization\",\"name\":\"FMC Production\",\"url\":\"https:\\\/\\\/fmcproduction.com\\\/en\\\/\",\"logo\":{\"@type\":\"ImageObject\",\"inLanguage\":\"en-US\",\"@id\":\"https:\\\/\\\/fmcproduction.com\\\/en\\\/#\\\/schema\\\/logo\\\/image\\\/\",\"url\":\"\",\"contentUrl\":\"\",\"caption\":\"FMC Production\"},\"image\":{\"@id\":\"https:\\\/\\\/fmcproduction.com\\\/en\\\/#\\\/schema\\\/logo\\\/image\\\/\"},\"sameAs\":[\"https:\\\/\\\/fr.linkedin.com\\\/company\\\/fmc-production\"]}]}<\/script>\n<!-- \/ Yoast SEO plugin. -->","yoast_head_json":{"title":"FMC Production","robots":{"index":"index","follow":"follow","max-snippet":"max-snippet:-1","max-image-preview":"max-image-preview:large","max-video-preview":"max-video-preview:-1"},"canonical":"https:\/\/fmcproduction.com\/en\/wp-json\/wp\/v2\/pages\/1969","og_locale":"en_US","og_type":"website","og_url":"https:\/\/fmcproduction.com\/en\/wp-json\/wp\/v2\/pages\/1969","og_site_name":"FMC Production","twitter_card":"summary_large_image","schema":{"@context":"https:\/\/schema.org","@graph":[{"@type":"WebSite","@id":"https:\/\/fmcproduction.com\/en\/#website","url":"https:\/\/fmcproduction.com\/en\/","name":"FMC Production","description":"Experts de la production audiovisuelle et digitale sp\u00e9cifique au secteur m\u00e9dical et chirurgical.","publisher":{"@id":"https:\/\/fmcproduction.com\/en\/#organization"},"potentialAction":[{"@type":"SearchAction","target":{"@type":"EntryPoint","urlTemplate":"https:\/\/fmcproduction.com\/en\/?s={search_term_string}"},"query-input":{"@type":"PropertyValueSpecification","valueRequired":true,"valueName":"search_term_string"}}],"inLanguage":"en-US"},{"@type":"Organization","@id":"https:\/\/fmcproduction.com\/en\/#organization","name":"FMC Production","url":"https:\/\/fmcproduction.com\/en\/","logo":{"@type":"ImageObject","inLanguage":"en-US","@id":"https:\/\/fmcproduction.com\/en\/#\/schema\/logo\/image\/","url":"","contentUrl":"","caption":"FMC Production"},"image":{"@id":"https:\/\/fmcproduction.com\/en\/#\/schema\/logo\/image\/"},"sameAs":["https:\/\/fr.linkedin.com\/company\/fmc-production"]}]}},"_links":{"self":[{"href":"https:\/\/fmcproduction.com\/en\/wp-json\/wp\/v2\/pages\/1969","targetHints":{"allow":["GET"]}}],"collection":[{"href":"https:\/\/fmcproduction.com\/en\/wp-json\/wp\/v2\/pages"}],"about":[{"href":"https:\/\/fmcproduction.com\/en\/wp-json\/wp\/v2\/types\/page"}],"author":[{"embeddable":true,"href":"https:\/\/fmcproduction.com\/en\/wp-json\/wp\/v2\/users\/1"}],"replies":[{"embeddable":true,"href":"https:\/\/fmcproduction.com\/en\/wp-json\/wp\/v2\/comments?post=1969"}],"version-history":[{"count":0,"href":"https:\/\/fmcproduction.com\/en\/wp-json\/wp\/v2\/pages\/1969\/revisions"}],"wp:attachment":[{"href":"https:\/\/fmcproduction.com\/en\/wp-json\/wp\/v2\/media?parent=1969"}],"curies":[{"name":"wp","href":"https:\/\/api.w.org\/{rel}","templated":true}]}}